{"id":6822,"date":"2024-05-29T16:51:14","date_gmt":"2024-05-29T14:51:14","guid":{"rendered":"https:\/\/natascha-birovljev.com\/?post_type=product&#038;p=6822"},"modified":"2024-06-19T09:53:12","modified_gmt":"2024-06-19T07:53:12","slug":"fruehlingswege-in-arrowwood","status":"publish","type":"product","link":"https:\/\/natascha-birovljev.com\/en\/book\/fruehlingswege-in-arrowwood\/","title":{"rendered":"Fr\u00fchlingswege in Arrowwood"},"content":{"rendered":"\t\t<div data-elementor-type=\"product-post\" data-elementor-id=\"6822\" class=\"elementor elementor-6822\" data-elementor-post-type=\"product\">\n\t\t\t\t\t\t<section class=\"elementor-section elementor-top-section elementor-element elementor-element-372e8b2 elementor-section-boxed elementor-section-height-default elementor-section-height-default\" data-id=\"372e8b2\" data-element_type=\"section\" data-e-type=\"section\">\n\t\t\t\t\t\t<div class=\"elementor-container elementor-column-gap-default\">\n\t\t\t\t\t<div class=\"elementor-column elementor-col-50 elementor-top-column elementor-element elementor-element-2ec508eb\" data-id=\"2ec508eb\" data-element_type=\"column\" data-e-type=\"column\">\n\t\t\t<div class=\"elementor-widget-wrap elementor-element-populated\">\n\t\t\t\t\t\t<div class=\"elementor-element elementor-element-32e76912 elementor-widget elementor-widget-image\" data-id=\"32e76912\" data-element_type=\"widget\" data-e-type=\"widget\" data-widget_type=\"image.default\">\n\t\t\t\t<div class=\"elementor-widget-container\">\n\t\t\t\t\t\t\t\t\t\t\t\t\t\t\t<img decoding=\"async\" src=\"https:\/\/natascha-birovljev.com\/wp-content\/uploads\/elementor\/thumbs\/Fruehlingswege-in-Arrowwood-Cover-qpazj1ksnnnp0dpr6f1d6gvg2gkdeist0hgawlufpc.png\" title=\"Fruehlingswege-in-Arrowwood-Cover\" alt=\"Fr\u00fchlingswege in Arrowwood\" loading=\"lazy\" \/>\t\t\t\t\t\t\t\t\t\t\t\t\t\t\t<\/div>\n\t\t\t\t<\/div>\n\t\t\t\t\t<\/div>\n\t\t<\/div>\n\t\t\t\t<div class=\"elementor-column elementor-col-50 elementor-top-column elementor-element elementor-element-30720e04\" data-id=\"30720e04\" data-element_type=\"column\" data-e-type=\"column\">\n\t\t\t<div class=\"elementor-widget-wrap elementor-element-populated\">\n\t\t\t\t\t\t<div class=\"elementor-element elementor-element-363ce742 elementor-widget elementor-widget-heading\" data-id=\"363ce742\" data-element_type=\"widget\" data-e-type=\"widget\" data-widget_type=\"heading.default\">\n\t\t\t\t<div class=\"elementor-widget-container\">\n\t\t\t\t\t<h3 class=\"elementor-heading-title elementor-size-default\">Fr\u00fchlingswege in Arrowwood<\/h3>\t\t\t\t<\/div>\n\t\t\t\t<\/div>\n\t\t\t\t<div class=\"elementor-element elementor-element-d9f4b72 elementor-widget elementor-widget-text-editor\" data-id=\"d9f4b72\" data-element_type=\"widget\" data-e-type=\"widget\" data-widget_type=\"text-editor.default\">\n\t\t\t\t<div class=\"elementor-widget-container\">\n\t\t\t\t\t\t\t\t\tWas w\u00fcrdest du tun, wenn dir genommen werden soll, was du am meisten liebst? Silberschmiedin Emily findet nach einem bitteren Streit mit ihrer Schwester Zuflucht bei Nicky auf der Sleeping Lake Ranch. Doch Nickys Zuhause ist in Gefahr: Das Nakoda Pine Reservat erhebt Anspruch auf das Land. Pl\u00f6tzlich muss Nicky f\u00fcr sich und ihre geliebte Granny um die Ranch k\u00e4mpfen. Und Emily riskiert beim Versuch, ihren Wolfhund Grizz zu sch\u00fctzen, nicht nur die Beziehung zu ihrer Schwester, sondern auch ihre erste gro\u00dfe Liebe. \t\t\t\t\t\t\t\t<\/div>\n\t\t\t\t<\/div>\n\t\t\t\t<section class=\"elementor-section elementor-inner-section elementor-element elementor-element-69bb2321 elementor-section-boxed elementor-section-height-default elementor-section-height-default\" data-id=\"69bb2321\" data-element_type=\"section\" data-e-type=\"section\">\n\t\t\t\t\t\t<div class=\"elementor-container elementor-column-gap-default\">\n\t\t\t\t\t<div class=\"elementor-column elementor-col-50 elementor-inner-column elementor-element elementor-element-6a30c52\" data-id=\"6a30c52\" data-element_type=\"column\" data-e-type=\"column\">\n\t\t\t<div class=\"elementor-widget-wrap elementor-element-populated\">\n\t\t\t\t\t\t<div class=\"elementor-element elementor-element-6b339 elementor-widget elementor-widget-button\" data-id=\"6b339\" data-element_type=\"widget\" data-e-type=\"widget\" data-widget_type=\"button.default\">\n\t\t\t\t<div class=\"elementor-widget-container\">\n\t\t\t\t\t\t\t\t\t<div class=\"elementor-button-wrapper\">\n\t\t\t\t\t<a class=\"elementor-button elementor-button-link elementor-size-md\" href=\"https:\/\/shop.autorenwelt.de\/products\/fruhlingswege-in-arrowwood-von-natascha-birovljev?variant=47080038236485\" target=\"_blank\" rel=\"nofollow\">\n\t\t\t\t\t\t<span class=\"elementor-button-content-wrapper\">\n\t\t\t\t\t\t<span class=\"elementor-button-icon\">\n\t\t\t\t<i aria-hidden=\"true\" class=\"fas fa-caret-right\"><\/i>\t\t\t<\/span>\n\t\t\t\t\t\t\t\t\t<span class=\"elementor-button-text\">auf Autorenwelt kaufen<\/span>\n\t\t\t\t\t<\/span>\n\t\t\t\t\t<\/a>\n\t\t\t\t<\/div>\n\t\t\t\t\t\t\t\t<\/div>\n\t\t\t\t<\/div>\n\t\t\t\t\t<\/div>\n\t\t<\/div>\n\t\t\t\t<div class=\"elementor-column elementor-col-50 elementor-inner-column elementor-element elementor-element-28ea783c\" data-id=\"28ea783c\" data-element_type=\"column\" data-e-type=\"column\">\n\t\t\t<div class=\"elementor-widget-wrap elementor-element-populated\">\n\t\t\t\t\t\t<div class=\"elementor-element elementor-element-2656e594 elementor-widget elementor-widget-button\" data-id=\"2656e594\" data-element_type=\"widget\" data-e-type=\"widget\" data-widget_type=\"button.default\">\n\t\t\t\t<div class=\"elementor-widget-container\">\n\t\t\t\t\t\t\t\t\t<div class=\"elementor-button-wrapper\">\n\t\t\t\t\t<a class=\"elementor-button elementor-button-link elementor-size-md\" href=\"https:\/\/www.amazon.de\/dp\/B0CFM4TP6V\/\" target=\"_blank\" rel=\"nofollow\">\n\t\t\t\t\t\t<span class=\"elementor-button-content-wrapper\">\n\t\t\t\t\t\t<span class=\"elementor-button-icon\">\n\t\t\t\t<i aria-hidden=\"true\" class=\"fas fa-caret-right\"><\/i>\t\t\t<\/span>\n\t\t\t\t\t\t\t\t\t<span class=\"elementor-button-text\">auch als E-Book erh\u00e4ltlich<\/span>\n\t\t\t\t\t<\/span>\n\t\t\t\t\t<\/a>\n\t\t\t\t<\/div>\n\t\t\t\t\t\t\t\t<\/div>\n\t\t\t\t<\/div>\n\t\t\t\t\t<\/div>\n\t\t<\/div>\n\t\t\t\t\t<\/div>\n\t\t<\/section>\n\t\t\t\t\t<\/div>\n\t\t<\/div>\n\t\t\t\t\t<\/div>\n\t\t<\/section>\n\t\t\t\t<section class=\"elementor-section elementor-top-section elementor-element elementor-element-1a1bd216 elementor-section-boxed elementor-section-height-default elementor-section-height-default\" data-id=\"1a1bd216\" data-element_type=\"section\" data-e-type=\"section\">\n\t\t\t\t\t\t<div class=\"elementor-container elementor-column-gap-default\">\n\t\t\t\t\t<div class=\"elementor-column elementor-col-33 elementor-top-column elementor-element elementor-element-60da4cec elementor-hidden-mobile\" data-id=\"60da4cec\" data-element_type=\"column\" data-e-type=\"column\">\n\t\t\t<div class=\"elementor-widget-wrap\">\n\t\t\t\t\t\t\t<\/div>\n\t\t<\/div>\n\t\t\t\t<div class=\"elementor-column elementor-col-33 elementor-top-column elementor-element elementor-element-727296fc\" data-id=\"727296fc\" data-element_type=\"column\" data-e-type=\"column\">\n\t\t\t<div class=\"elementor-widget-wrap elementor-element-populated\">\n\t\t\t\t\t\t<div class=\"elementor-element elementor-element-392e2f92 elementor-widget elementor-widget-video\" data-id=\"392e2f92\" data-element_type=\"widget\" data-e-type=\"widget\" data-settings=\"{&quot;youtube_url&quot;:&quot;https:\\\/\\\/youtu.be\\\/CUQ6x0qkmoU&quot;,&quot;yt_privacy&quot;:&quot;yes&quot;,&quot;show_image_overlay&quot;:&quot;yes&quot;,&quot;image_overlay&quot;:{&quot;url&quot;:&quot;https:\\\/\\\/natascha-birovljev.com\\\/wp-content\\\/uploads\\\/2023\\\/04\\\/Video-titel-Fruehlingswege.png&quot;,&quot;id&quot;:6610,&quot;size&quot;:&quot;&quot;,&quot;alt&quot;:&quot;Fr\\u00fchlingswege in Arrowwood - Video&quot;,&quot;source&quot;:&quot;library&quot;},&quot;video_type&quot;:&quot;youtube&quot;,&quot;controls&quot;:&quot;yes&quot;}\" data-widget_type=\"video.default\">\n\t\t\t\t<div class=\"elementor-widget-container\">\n\t\t\t\t\t\t\t<div class=\"elementor-wrapper elementor-open-inline\">\n\t\t\t<div class=\"elementor-video\"><\/div>\t\t\t\t<div class=\"elementor-custom-embed-image-overlay\" style=\"background-image: url(https:\/\/natascha-birovljev.com\/wp-content\/uploads\/2023\/04\/Video-titel-Fruehlingswege.png);\">\n\t\t\t\t\t\t\t\t\t\t\t\t\t\t\t\t<div class=\"elementor-custom-embed-play\" role=\"button\" aria-label=\"Play Video about Fr\u00fchlingswege in Arrowwood - Video\" tabindex=\"0\">\n\t\t\t\t\t\t\t<i aria-hidden=\"true\" class=\"eicon-play\"><\/i>\t\t\t\t\t\t<\/div>\n\t\t\t\t\t\t\t\t\t<\/div>\n\t\t\t\t\t<\/div>\n\t\t\t\t\t\t<\/div>\n\t\t\t\t<\/div>\n\t\t\t\t\t<\/div>\n\t\t<\/div>\n\t\t\t\t<div class=\"elementor-column elementor-col-33 elementor-top-column elementor-element elementor-element-48ae4e5f elementor-hidden-mobile\" data-id=\"48ae4e5f\" data-element_type=\"column\" data-e-type=\"column\">\n\t\t\t<div class=\"elementor-widget-wrap\">\n\t\t\t\t\t\t\t<\/div>\n\t\t<\/div>\n\t\t\t\t\t<\/div>\n\t\t<\/section>\n\t\t\t\t<section class=\"elementor-section elementor-top-section elementor-element elementor-element-9df6e56 elementor-section-boxed elementor-section-height-default elementor-section-height-default\" data-id=\"9df6e56\" data-element_type=\"section\" data-e-type=\"section\">\n\t\t\t\t\t\t<div class=\"elementor-container elementor-column-gap-default\">\n\t\t\t\t\t<div class=\"elementor-column elementor-col-100 elementor-top-column elementor-element elementor-element-8d3faee\" data-id=\"8d3faee\" data-element_type=\"column\" data-e-type=\"column\">\n\t\t\t<div class=\"elementor-widget-wrap elementor-element-populated\">\n\t\t\t\t\t\t\t<\/div>\n\t\t<\/div>\n\t\t\t\t\t<\/div>\n\t\t<\/section>\n\t\t\t\t<section class=\"elementor-section elementor-top-section elementor-element elementor-element-386b2f10 elementor-section-height-min-height elementor-section-boxed elementor-section-height-default elementor-section-items-middle\" data-id=\"386b2f10\" data-element_type=\"section\" data-e-type=\"section\" data-settings=\"{&quot;background_background&quot;:&quot;classic&quot;}\">\n\t\t\t\t\t\t<div class=\"elementor-container elementor-column-gap-default\">\n\t\t\t\t\t<div class=\"elementor-column elementor-col-33 elementor-top-column elementor-element elementor-element-73f75d66\" data-id=\"73f75d66\" data-element_type=\"column\" data-e-type=\"column\">\n\t\t\t<div class=\"elementor-widget-wrap elementor-element-populated\">\n\t\t\t\t\t\t<div class=\"elementor-element elementor-element-ced5f86 elementor-widget elementor-widget-heading\" data-id=\"ced5f86\" data-element_type=\"widget\" data-e-type=\"widget\" data-widget_type=\"heading.default\">\n\t\t\t\t<div class=\"elementor-widget-container\">\n\t\t\t\t\t<h4 class=\"elementor-heading-title elementor-size-xl\">Folge mir<\/h4>\t\t\t\t<\/div>\n\t\t\t\t<\/div>\n\t\t\t\t\t<\/div>\n\t\t<\/div>\n\t\t\t\t<div class=\"elementor-column elementor-col-66 elementor-top-column elementor-element elementor-element-7630e94e\" data-id=\"7630e94e\" data-element_type=\"column\" data-e-type=\"column\">\n\t\t\t<div class=\"elementor-widget-wrap elementor-element-populated\">\n\t\t\t\t\t\t<div class=\"elementor-element elementor-element-66a4a2ba e-grid-align-left elementor-shape-rounded elementor-grid-0 elementor-widget elementor-widget-social-icons\" data-id=\"66a4a2ba\" data-element_type=\"widget\" data-e-type=\"widget\" data-settings=\"{&quot;_animation&quot;:&quot;none&quot;}\" data-widget_type=\"social-icons.default\">\n\t\t\t\t<div class=\"elementor-widget-container\">\n\t\t\t\t\t\t\t<div class=\"elementor-social-icons-wrapper elementor-grid\" role=\"list\">\n\t\t\t\t\t\t\t<span class=\"elementor-grid-item\" role=\"listitem\">\n\t\t\t\t\t<a class=\"elementor-icon elementor-social-icon elementor-social-icon-facebook elementor-repeater-item-599fed4\" href=\"https:\/\/www.facebook.com\/NataschasBuecher\" target=\"_blank\">\n\t\t\t\t\t\t<span class=\"elementor-screen-only\">Facebook<\/span>\n\t\t\t\t\t\t<i aria-hidden=\"true\" class=\"fab fa-facebook\"><\/i>\t\t\t\t\t<\/a>\n\t\t\t\t<\/span>\n\t\t\t\t\t\t\t<span class=\"elementor-grid-item\" role=\"listitem\">\n\t\t\t\t\t<a class=\"elementor-icon elementor-social-icon elementor-social-icon-twitter elementor-repeater-item-75cad56\" href=\"https:\/\/www.twitter.com\/NataschasChirp\" target=\"_blank\">\n\t\t\t\t\t\t<span class=\"elementor-screen-only\">Twitter<\/span>\n\t\t\t\t\t\t<i aria-hidden=\"true\" class=\"fab fa-twitter\"><\/i>\t\t\t\t\t<\/a>\n\t\t\t\t<\/span>\n\t\t\t\t\t\t\t<span class=\"elementor-grid-item\" role=\"listitem\">\n\t\t\t\t\t<a class=\"elementor-icon elementor-social-icon elementor-social-icon-instagram elementor-repeater-item-2821141\" href=\"https:\/\/www.instagram.com\/nataschab\" target=\"_blank\">\n\t\t\t\t\t\t<span class=\"elementor-screen-only\">Instagram<\/span>\n\t\t\t\t\t\t<i aria-hidden=\"true\" class=\"fab fa-instagram\"><\/i>\t\t\t\t\t<\/a>\n\t\t\t\t<\/span>\n\t\t\t\t\t\t\t<span class=\"elementor-grid-item\" role=\"listitem\">\n\t\t\t\t\t<a class=\"elementor-icon elementor-social-icon elementor-social-icon-youtube elementor-repeater-item-77ba020\" href=\"https:\/\/www.youtube.com\/channel\/UCCpLexswmRJWhC-eVhF25Lw\" target=\"_blank\">\n\t\t\t\t\t\t<span class=\"elementor-screen-only\">Youtube<\/span>\n\t\t\t\t\t\t<i aria-hidden=\"true\" class=\"fab fa-youtube\"><\/i>\t\t\t\t\t<\/a>\n\t\t\t\t<\/span>\n\t\t\t\t\t\t\t<span class=\"elementor-grid-item\" role=\"listitem\">\n\t\t\t\t\t<a class=\"elementor-icon elementor-social-icon elementor-social-icon-pinterest elementor-repeater-item-ee48fd1\" href=\"https:\/\/www.pinterest.ca\/nataschacanada\" target=\"_blank\">\n\t\t\t\t\t\t<span class=\"elementor-screen-only\">Pinterest<\/span>\n\t\t\t\t\t\t<i aria-hidden=\"true\" class=\"fab fa-pinterest\"><\/i>\t\t\t\t\t<\/a>\n\t\t\t\t<\/span>\n\t\t\t\t\t<\/div>\n\t\t\t\t\t\t<\/div>\n\t\t\t\t<\/div>\n\t\t\t\t\t<\/div>\n\t\t<\/div>\n\t\t\t\t\t<\/div>\n\t\t<\/section>\n\t\t\t\t<\/div>\n\t\t","protected":false},"excerpt":{"rendered":"<p>Fr\u00fchlingswege in Arrowwood Was w\u00fcrdest du tun, wenn dir genommen werden soll, was du am meisten liebst? Silberschmiedin Emily findet nach einem bitteren Streit mit ihrer<span class=\"excerpt-hellip\"> [\u2026]<\/span><\/p>\n","protected":false},"featured_media":6823,"comment_status":"open","ping_status":"closed","template":"","meta":[],"product_brand":[],"product_cat":[42],"product_tag":[],"class_list":{"0":"post-6822","1":"product","2":"type-product","3":"status-publish","4":"has-post-thumbnail","6":"product_cat-sleeping-lake-ranch","8":"first","9":"instock","10":"shipping-taxable","11":"product-type-external"},"yoast_head":"<!-- This site is optimized with the Yoast SEO plugin v27.4 - https:\/\/yoast.com\/product\/yoast-seo-wordpress\/ -->\n<title>Fr\u00fchlingswege in Arrowwood - Natascha Birovljev<\/title>\n<meta name=\"robots\" content=\"index, follow, max-snippet:-1, max-image-preview:large, max-video-preview:-1\" \/>\n<link rel=\"canonical\" href=\"https:\/\/natascha-birovljev.com\/buch\/fruehlingswege-in-arrowwood\/\" \/>\n<meta property=\"og:locale\" content=\"en_US\" \/>\n<meta property=\"og:type\" content=\"article\" \/>\n<meta property=\"og:title\" content=\"Fr\u00fchlingswege in Arrowwood - Natascha Birovljev\" \/>\n<meta property=\"og:description\" content=\"Fr\u00fchlingswege in Arrowwood Was w\u00fcrdest du tun, wenn dir genommen werden soll, was du am meisten liebst? Silberschmiedin Emily findet nach einem bitteren Streit mit ihrer [\u2026]\" \/>\n<meta property=\"og:url\" content=\"https:\/\/natascha-birovljev.com\/buch\/fruehlingswege-in-arrowwood\/\" \/>\n<meta property=\"og:site_name\" content=\"Natascha Birovljev\" \/>\n<meta property=\"article:publisher\" content=\"https:\/\/www.facebook.com\/NataschasBuecher\" \/>\n<meta property=\"article:modified_time\" content=\"2024-06-19T07:53:12+00:00\" \/>\n<meta property=\"og:image\" content=\"https:\/\/natascha-birovljev.com\/wp-content\/uploads\/2024\/05\/Fruehlingswege-in-Arrowwood-Cover.png\" \/>\n\t<meta property=\"og:image:width\" content=\"475\" \/>\n\t<meta property=\"og:image:height\" content=\"800\" \/>\n\t<meta property=\"og:image:type\" content=\"image\/png\" \/>\n<meta name=\"twitter:card\" content=\"summary_large_image\" \/>\n<meta name=\"twitter:site\" content=\"@NataschasChirp\" \/>\n<script type=\"application\/ld+json\" class=\"yoast-schema-graph\">{\"@context\":\"https:\\\/\\\/schema.org\",\"@graph\":[{\"@type\":\"WebPage\",\"@id\":\"https:\\\/\\\/natascha-birovljev.com\\\/buch\\\/fruehlingswege-in-arrowwood\\\/\",\"url\":\"https:\\\/\\\/natascha-birovljev.com\\\/buch\\\/fruehlingswege-in-arrowwood\\\/\",\"name\":\"Fr\u00fchlingswege in Arrowwood - Natascha Birovljev\",\"isPartOf\":{\"@id\":\"https:\\\/\\\/natascha-birovljev.com\\\/#website\"},\"primaryImageOfPage\":{\"@id\":\"https:\\\/\\\/natascha-birovljev.com\\\/buch\\\/fruehlingswege-in-arrowwood\\\/#primaryimage\"},\"image\":{\"@id\":\"https:\\\/\\\/natascha-birovljev.com\\\/buch\\\/fruehlingswege-in-arrowwood\\\/#primaryimage\"},\"thumbnailUrl\":\"https:\\\/\\\/natascha-birovljev.com\\\/wp-content\\\/uploads\\\/2024\\\/05\\\/Fruehlingswege-in-Arrowwood-Cover.png\",\"datePublished\":\"2024-05-29T14:51:14+00:00\",\"dateModified\":\"2024-06-19T07:53:12+00:00\",\"breadcrumb\":{\"@id\":\"https:\\\/\\\/natascha-birovljev.com\\\/buch\\\/fruehlingswege-in-arrowwood\\\/#breadcrumb\"},\"inLanguage\":\"en-US\",\"potentialAction\":[{\"@type\":\"ReadAction\",\"target\":[\"https:\\\/\\\/natascha-birovljev.com\\\/buch\\\/fruehlingswege-in-arrowwood\\\/\"]}]},{\"@type\":\"ImageObject\",\"inLanguage\":\"en-US\",\"@id\":\"https:\\\/\\\/natascha-birovljev.com\\\/buch\\\/fruehlingswege-in-arrowwood\\\/#primaryimage\",\"url\":\"https:\\\/\\\/natascha-birovljev.com\\\/wp-content\\\/uploads\\\/2024\\\/05\\\/Fruehlingswege-in-Arrowwood-Cover.png\",\"contentUrl\":\"https:\\\/\\\/natascha-birovljev.com\\\/wp-content\\\/uploads\\\/2024\\\/05\\\/Fruehlingswege-in-Arrowwood-Cover.png\",\"width\":475,\"height\":800,\"caption\":\"Fr\u00fchlingswege in Arrowwood\"},{\"@type\":\"BreadcrumbList\",\"@id\":\"https:\\\/\\\/natascha-birovljev.com\\\/buch\\\/fruehlingswege-in-arrowwood\\\/#breadcrumb\",\"itemListElement\":[{\"@type\":\"ListItem\",\"position\":1,\"name\":\"Startseite\",\"item\":\"https:\\\/\\\/natascha-birovljev.com\\\/en\\\/\"},{\"@type\":\"ListItem\",\"position\":2,\"name\":\"Produkte\",\"item\":\"https:\\\/\\\/natascha-birovljev.com\\\/shop\\\/\"},{\"@type\":\"ListItem\",\"position\":3,\"name\":\"Fr\u00fchlingswege in Arrowwood\"}]},{\"@type\":\"WebSite\",\"@id\":\"https:\\\/\\\/natascha-birovljev.com\\\/#website\",\"url\":\"https:\\\/\\\/natascha-birovljev.com\\\/\",\"name\":\"Natascha Birovljev\",\"description\":\"Autorin aus den kanadischen Rocky Mountains\",\"publisher\":{\"@id\":\"https:\\\/\\\/natascha-birovljev.com\\\/#\\\/schema\\\/person\\\/6d71fe3b35e52762438265d55a89389b\"},\"potentialAction\":[{\"@type\":\"SearchAction\",\"target\":{\"@type\":\"EntryPoint\",\"urlTemplate\":\"https:\\\/\\\/natascha-birovljev.com\\\/?s={search_term_string}\"},\"query-input\":{\"@type\":\"PropertyValueSpecification\",\"valueRequired\":true,\"valueName\":\"search_term_string\"}}],\"inLanguage\":\"en-US\"},{\"@type\":[\"Person\",\"Organization\"],\"@id\":\"https:\\\/\\\/natascha-birovljev.com\\\/#\\\/schema\\\/person\\\/6d71fe3b35e52762438265d55a89389b\",\"name\":\"Natascha\",\"image\":{\"@type\":\"ImageObject\",\"inLanguage\":\"en-US\",\"@id\":\"https:\\\/\\\/natascha-birovljev.com\\\/wp-content\\\/uploads\\\/2025\\\/11\\\/natascha-birovljev.png\",\"url\":\"https:\\\/\\\/natascha-birovljev.com\\\/wp-content\\\/uploads\\\/2025\\\/11\\\/natascha-birovljev.png\",\"contentUrl\":\"https:\\\/\\\/natascha-birovljev.com\\\/wp-content\\\/uploads\\\/2025\\\/11\\\/natascha-birovljev.png\",\"width\":696,\"height\":696,\"caption\":\"Natascha\"},\"logo\":{\"@id\":\"https:\\\/\\\/natascha-birovljev.com\\\/wp-content\\\/uploads\\\/2025\\\/11\\\/natascha-birovljev.png\"},\"description\":\"Natascha Birovljev wurde 1975 in B\u00f6blingen bei Stuttgart geboren. Nach ihrem Magisterabschluss in Religionswissenschaft und Germanistik an der Universit\u00e4t Hannover f\u00fchrte sie ihre Reiselust auf eine Ranch nach Kanada. Von der wilden Sch\u00f6nheit und Weite der Rocky Mountains verzaubert, wagte sie 2005 den Schritt, Deutschland zu verlassen, und ihr Gl\u00fcck in Kanada zu finden.\",\"sameAs\":[\"https:\\\/\\\/natascha-birovljev.com\",\"https:\\\/\\\/www.facebook.com\\\/NataschasBuecher\",\"https:\\\/\\\/www.instagram.com\\\/nataschab\",\"https:\\\/\\\/www.pinterest.ca\\\/nataschacanada\",\"https:\\\/\\\/www.youtube.com\\\/@nataschabirovljev3581\"]}]}<\/script>\n<!-- \/ Yoast SEO plugin. -->","yoast_head_json":{"title":"Fr\u00fchlingswege in Arrowwood - Natascha Birovljev","robots":{"index":"index","follow":"follow","max-snippet":"max-snippet:-1","max-image-preview":"max-image-preview:large","max-video-preview":"max-video-preview:-1"},"canonical":"https:\/\/natascha-birovljev.com\/buch\/fruehlingswege-in-arrowwood\/","og_locale":"en_US","og_type":"article","og_title":"Fr\u00fchlingswege in Arrowwood - Natascha Birovljev","og_description":"Fr\u00fchlingswege in Arrowwood Was w\u00fcrdest du tun, wenn dir genommen werden soll, was du am meisten liebst? Silberschmiedin Emily findet nach einem bitteren Streit mit ihrer [\u2026]","og_url":"https:\/\/natascha-birovljev.com\/buch\/fruehlingswege-in-arrowwood\/","og_site_name":"Natascha Birovljev","article_publisher":"https:\/\/www.facebook.com\/NataschasBuecher","article_modified_time":"2024-06-19T07:53:12+00:00","og_image":[{"width":475,"height":800,"url":"https:\/\/natascha-birovljev.com\/wp-content\/uploads\/2024\/05\/Fruehlingswege-in-Arrowwood-Cover.png","type":"image\/png"}],"twitter_card":"summary_large_image","twitter_site":"@NataschasChirp","schema":{"@context":"https:\/\/schema.org","@graph":[{"@type":"WebPage","@id":"https:\/\/natascha-birovljev.com\/buch\/fruehlingswege-in-arrowwood\/","url":"https:\/\/natascha-birovljev.com\/buch\/fruehlingswege-in-arrowwood\/","name":"Fr\u00fchlingswege in Arrowwood - Natascha Birovljev","isPartOf":{"@id":"https:\/\/natascha-birovljev.com\/#website"},"primaryImageOfPage":{"@id":"https:\/\/natascha-birovljev.com\/buch\/fruehlingswege-in-arrowwood\/#primaryimage"},"image":{"@id":"https:\/\/natascha-birovljev.com\/buch\/fruehlingswege-in-arrowwood\/#primaryimage"},"thumbnailUrl":"https:\/\/natascha-birovljev.com\/wp-content\/uploads\/2024\/05\/Fruehlingswege-in-Arrowwood-Cover.png","datePublished":"2024-05-29T14:51:14+00:00","dateModified":"2024-06-19T07:53:12+00:00","breadcrumb":{"@id":"https:\/\/natascha-birovljev.com\/buch\/fruehlingswege-in-arrowwood\/#breadcrumb"},"inLanguage":"en-US","potentialAction":[{"@type":"ReadAction","target":["https:\/\/natascha-birovljev.com\/buch\/fruehlingswege-in-arrowwood\/"]}]},{"@type":"ImageObject","inLanguage":"en-US","@id":"https:\/\/natascha-birovljev.com\/buch\/fruehlingswege-in-arrowwood\/#primaryimage","url":"https:\/\/natascha-birovljev.com\/wp-content\/uploads\/2024\/05\/Fruehlingswege-in-Arrowwood-Cover.png","contentUrl":"https:\/\/natascha-birovljev.com\/wp-content\/uploads\/2024\/05\/Fruehlingswege-in-Arrowwood-Cover.png","width":475,"height":800,"caption":"Fr\u00fchlingswege in Arrowwood"},{"@type":"BreadcrumbList","@id":"https:\/\/natascha-birovljev.com\/buch\/fruehlingswege-in-arrowwood\/#breadcrumb","itemListElement":[{"@type":"ListItem","position":1,"name":"Startseite","item":"https:\/\/natascha-birovljev.com\/en\/"},{"@type":"ListItem","position":2,"name":"Produkte","item":"https:\/\/natascha-birovljev.com\/shop\/"},{"@type":"ListItem","position":3,"name":"Fr\u00fchlingswege in Arrowwood"}]},{"@type":"WebSite","@id":"https:\/\/natascha-birovljev.com\/#website","url":"https:\/\/natascha-birovljev.com\/","name":"Natascha Birovljev","description":"Autorin aus den kanadischen Rocky Mountains","publisher":{"@id":"https:\/\/natascha-birovljev.com\/#\/schema\/person\/6d71fe3b35e52762438265d55a89389b"},"potentialAction":[{"@type":"SearchAction","target":{"@type":"EntryPoint","urlTemplate":"https:\/\/natascha-birovljev.com\/?s={search_term_string}"},"query-input":{"@type":"PropertyValueSpecification","valueRequired":true,"valueName":"search_term_string"}}],"inLanguage":"en-US"},{"@type":["Person","Organization"],"@id":"https:\/\/natascha-birovljev.com\/#\/schema\/person\/6d71fe3b35e52762438265d55a89389b","name":"Natascha","image":{"@type":"ImageObject","inLanguage":"en-US","@id":"https:\/\/natascha-birovljev.com\/wp-content\/uploads\/2025\/11\/natascha-birovljev.png","url":"https:\/\/natascha-birovljev.com\/wp-content\/uploads\/2025\/11\/natascha-birovljev.png","contentUrl":"https:\/\/natascha-birovljev.com\/wp-content\/uploads\/2025\/11\/natascha-birovljev.png","width":696,"height":696,"caption":"Natascha"},"logo":{"@id":"https:\/\/natascha-birovljev.com\/wp-content\/uploads\/2025\/11\/natascha-birovljev.png"},"description":"Natascha Birovljev wurde 1975 in B\u00f6blingen bei Stuttgart geboren. Nach ihrem Magisterabschluss in Religionswissenschaft und Germanistik an der Universit\u00e4t Hannover f\u00fchrte sie ihre Reiselust auf eine Ranch nach Kanada. Von der wilden Sch\u00f6nheit und Weite der Rocky Mountains verzaubert, wagte sie 2005 den Schritt, Deutschland zu verlassen, und ihr Gl\u00fcck in Kanada zu finden.","sameAs":["https:\/\/natascha-birovljev.com","https:\/\/www.facebook.com\/NataschasBuecher","https:\/\/www.instagram.com\/nataschab","https:\/\/www.pinterest.ca\/nataschacanada","https:\/\/www.youtube.com\/@nataschabirovljev3581"]}]}},"_links":{"self":[{"href":"https:\/\/natascha-birovljev.com\/en\/wp-json\/wp\/v2\/product\/6822","targetHints":{"allow":["GET"]}}],"collection":[{"href":"https:\/\/natascha-birovljev.com\/en\/wp-json\/wp\/v2\/product"}],"about":[{"href":"https:\/\/natascha-birovljev.com\/en\/wp-json\/wp\/v2\/types\/product"}],"replies":[{"embeddable":true,"href":"https:\/\/natascha-birovljev.com\/en\/wp-json\/wp\/v2\/comments?post=6822"}],"version-history":[{"count":4,"href":"https:\/\/natascha-birovljev.com\/en\/wp-json\/wp\/v2\/product\/6822\/revisions"}],"predecessor-version":[{"id":7029,"href":"https:\/\/natascha-birovljev.com\/en\/wp-json\/wp\/v2\/product\/6822\/revisions\/7029"}],"wp:featuredmedia":[{"embeddable":true,"href":"https:\/\/natascha-birovljev.com\/en\/wp-json\/wp\/v2\/media\/6823"}],"wp:attachment":[{"href":"https:\/\/natascha-birovljev.com\/en\/wp-json\/wp\/v2\/media?parent=6822"}],"wp:term":[{"taxonomy":"product_brand","embeddable":true,"href":"https:\/\/natascha-birovljev.com\/en\/wp-json\/wp\/v2\/product_brand?post=6822"},{"taxonomy":"product_cat","embeddable":true,"href":"https:\/\/natascha-birovljev.com\/en\/wp-json\/wp\/v2\/product_cat?post=6822"},{"taxonomy":"product_tag","embeddable":true,"href":"https:\/\/natascha-birovljev.com\/en\/wp-json\/wp\/v2\/product_tag?post=6822"}],"curies":[{"name":"wp","href":"https:\/\/api.w.org\/{rel}","templated":true}]}}