{"id":3168,"date":"2022-08-07T09:24:20","date_gmt":"2022-08-07T07:24:20","guid":{"rendered":"https:\/\/natascha-birovljev.com\/?post_type=product&#038;p=3168"},"modified":"2024-06-19T09:54:13","modified_gmt":"2024-06-19T07:54:13","slug":"die-schattenpferde-der-rocky-mountains","status":"publish","type":"product","link":"https:\/\/natascha-birovljev.com\/en\/book\/die-schattenpferde-der-rocky-mountains\/","title":{"rendered":"Die Schattenpferde der Rocky Mountains"},"content":{"rendered":"\t\t<div data-elementor-type=\"product-post\" data-elementor-id=\"3168\" class=\"elementor elementor-3168\" data-elementor-post-type=\"product\">\n\t\t\t\t\t\t<section class=\"elementor-section elementor-top-section elementor-element elementor-element-75a35a5f elementor-section-boxed elementor-section-height-default elementor-section-height-default\" data-id=\"75a35a5f\" data-element_type=\"section\" data-e-type=\"section\">\n\t\t\t\t\t\t<div class=\"elementor-container elementor-column-gap-default\">\n\t\t\t\t\t<div class=\"elementor-column elementor-col-50 elementor-top-column elementor-element elementor-element-127d7978\" data-id=\"127d7978\" data-element_type=\"column\" data-e-type=\"column\">\n\t\t\t<div class=\"elementor-widget-wrap elementor-element-populated\">\n\t\t\t\t\t\t<div class=\"elementor-element elementor-element-e759490 elementor-widget elementor-widget-image\" data-id=\"e759490\" data-element_type=\"widget\" data-e-type=\"widget\" data-widget_type=\"image.default\">\n\t\t\t\t<div class=\"elementor-widget-container\">\n\t\t\t\t\t\t\t\t\t\t\t\t\t\t\t<img decoding=\"async\" src=\"https:\/\/natascha-birovljev.com\/wp-content\/uploads\/elementor\/thumbs\/Die-Schattenpferde-der-Rocky-Mountains-ptoqijt19jpibyq63x0hf03eqbkiwca0d27p04a2o0.png\" title=\"Die-Schattenpferde-der-Rocky-Mountains\" alt=\"Die-Schattenpferde-der-Rocky-Mountains\" loading=\"lazy\" \/>\t\t\t\t\t\t\t\t\t\t\t\t\t\t\t<\/div>\n\t\t\t\t<\/div>\n\t\t\t\t\t<\/div>\n\t\t<\/div>\n\t\t\t\t<div class=\"elementor-column elementor-col-50 elementor-top-column elementor-element elementor-element-c2aa235\" data-id=\"c2aa235\" data-element_type=\"column\" data-e-type=\"column\">\n\t\t\t<div class=\"elementor-widget-wrap elementor-element-populated\">\n\t\t\t\t\t\t<div class=\"elementor-element elementor-element-a324ec8 elementor-widget elementor-widget-heading\" data-id=\"a324ec8\" data-element_type=\"widget\" data-e-type=\"widget\" data-widget_type=\"heading.default\">\n\t\t\t\t<div class=\"elementor-widget-container\">\n\t\t\t\t\t<h3 class=\"elementor-heading-title elementor-size-default\">Die Schattenpferde der Rocky Mountains<\/h3>\t\t\t\t<\/div>\n\t\t\t\t<\/div>\n\t\t\t\t<div class=\"elementor-element elementor-element-6b8865a elementor-widget elementor-widget-text-editor\" data-id=\"6b8865a\" data-element_type=\"widget\" data-e-type=\"widget\" data-widget_type=\"text-editor.default\">\n\t\t\t\t<div class=\"elementor-widget-container\">\n\t\t\t\t\t\t\t\t\tNach dem Erhalt einer unheilvollen Nachricht, kehren die Geschwister Lee und Lyla auf die v\u00e4terliche Willow Ranch in Kanada zur\u00fcck. Ihr Vater, schwer an Krebs erkrankt, scheint jedoch alles andere als erfreut, seine Kinder nach vierzehn Jahren wiederzusehen.\n<br ><br >\nW\u00e4hrend die Magie der Rocky Mountains auf sie einstr\u00f6mt, und die Wildnis Kanadas ihre Kr\u00e4fte auf die Probe stellt, erkennen beide, dass Heimat mehr als ein Ort ist und Tr\u00e4ume ihre eigene Geschichte erz\u00e4hlen.\n<br ><br >\nAls die Ranch in Gefahr ger\u00e4t und ein Geheimnis die neu gekn\u00fcpften Familienbande zu zerrei\u00dfen droht, sind die Geschwister bereit alles zu riskieren, um die Willow Ranch wieder zu ihrem Zuhause zu machen.\t\t\t\t\t\t\t\t<\/div>\n\t\t\t\t<\/div>\n\t\t\t\t<section class=\"elementor-section elementor-inner-section elementor-element elementor-element-2e58edb elementor-section-boxed elementor-section-height-default elementor-section-height-default\" data-id=\"2e58edb\" data-element_type=\"section\" data-e-type=\"section\">\n\t\t\t\t\t\t<div class=\"elementor-container elementor-column-gap-default\">\n\t\t\t\t\t<div class=\"elementor-column elementor-col-50 elementor-inner-column elementor-element elementor-element-afdd611\" data-id=\"afdd611\" data-element_type=\"column\" data-e-type=\"column\">\n\t\t\t<div class=\"elementor-widget-wrap elementor-element-populated\">\n\t\t\t\t\t\t<div class=\"elementor-element elementor-element-ae337a5 elementor-widget elementor-widget-button\" data-id=\"ae337a5\" data-element_type=\"widget\" data-e-type=\"widget\" data-widget_type=\"button.default\">\n\t\t\t\t<div class=\"elementor-widget-container\">\n\t\t\t\t\t\t\t\t\t<div class=\"elementor-button-wrapper\">\n\t\t\t\t\t<a class=\"elementor-button elementor-button-link elementor-size-md\" href=\"https:\/\/shop.autorenwelt.de\/products\/schattenpferde-der-rocky-mountains-von-natascha-birovljev?variant=39463602946141\" target=\"_blank\" rel=\"nofollow\">\n\t\t\t\t\t\t<span class=\"elementor-button-content-wrapper\">\n\t\t\t\t\t\t<span class=\"elementor-button-icon\">\n\t\t\t\t<i aria-hidden=\"true\" class=\"fas fa-caret-right\"><\/i>\t\t\t<\/span>\n\t\t\t\t\t\t\t\t\t<span class=\"elementor-button-text\">auf Autorenwelt kaufen<\/span>\n\t\t\t\t\t<\/span>\n\t\t\t\t\t<\/a>\n\t\t\t\t<\/div>\n\t\t\t\t\t\t\t\t<\/div>\n\t\t\t\t<\/div>\n\t\t\t\t\t<\/div>\n\t\t<\/div>\n\t\t\t\t<div class=\"elementor-column elementor-col-50 elementor-inner-column elementor-element elementor-element-e506c3d\" data-id=\"e506c3d\" data-element_type=\"column\" data-e-type=\"column\">\n\t\t\t<div class=\"elementor-widget-wrap elementor-element-populated\">\n\t\t\t\t\t\t<div class=\"elementor-element elementor-element-e0aecc8 elementor-widget elementor-widget-button\" data-id=\"e0aecc8\" data-element_type=\"widget\" data-e-type=\"widget\" data-widget_type=\"button.default\">\n\t\t\t\t<div class=\"elementor-widget-container\">\n\t\t\t\t\t\t\t\t\t<div class=\"elementor-button-wrapper\">\n\t\t\t\t\t<a class=\"elementor-button elementor-button-link elementor-size-md\" href=\"https:\/\/www.amazon.de\/Schattenpferde-Rocky-Mountains-Natascha-Birovljev-ebook\/dp\/B0736339VT\/ref=sr_1_2?__mk_de_DE=%C3%85M%C3%85%C5%BD%C3%95%C3%91&#038;keywords=schattenpferde&#038;qid=1552412284&#038;s=gateway&#038;sr=8-2\" target=\"_blank\" rel=\"nofollow\">\n\t\t\t\t\t\t<span class=\"elementor-button-content-wrapper\">\n\t\t\t\t\t\t<span class=\"elementor-button-icon\">\n\t\t\t\t<i aria-hidden=\"true\" class=\"fas fa-caret-right\"><\/i>\t\t\t<\/span>\n\t\t\t\t\t\t\t\t\t<span class=\"elementor-button-text\">auch als E-Book erh\u00e4ltlich<\/span>\n\t\t\t\t\t<\/span>\n\t\t\t\t\t<\/a>\n\t\t\t\t<\/div>\n\t\t\t\t\t\t\t\t<\/div>\n\t\t\t\t<\/div>\n\t\t\t\t\t<\/div>\n\t\t<\/div>\n\t\t\t\t\t<\/div>\n\t\t<\/section>\n\t\t\t\t\t<\/div>\n\t\t<\/div>\n\t\t\t\t\t<\/div>\n\t\t<\/section>\n\t\t\t\t<section class=\"elementor-section elementor-top-section elementor-element elementor-element-4db4950 elementor-section-boxed elementor-section-height-default elementor-section-height-default\" data-id=\"4db4950\" data-element_type=\"section\" data-e-type=\"section\">\n\t\t\t\t\t\t<div class=\"elementor-container elementor-column-gap-default\">\n\t\t\t\t\t<div class=\"elementor-column elementor-col-100 elementor-top-column elementor-element elementor-element-2a00775\" data-id=\"2a00775\" data-element_type=\"column\" data-e-type=\"column\">\n\t\t\t<div class=\"elementor-widget-wrap elementor-element-populated\">\n\t\t\t\t\t\t\t<\/div>\n\t\t<\/div>\n\t\t\t\t\t<\/div>\n\t\t<\/section>\n\t\t\t\t<section class=\"elementor-section elementor-top-section elementor-element elementor-element-769c8eac elementor-section-height-min-height elementor-section-boxed elementor-section-height-default elementor-section-items-middle\" data-id=\"769c8eac\" data-element_type=\"section\" data-e-type=\"section\" data-settings=\"{&quot;background_background&quot;:&quot;classic&quot;}\">\n\t\t\t\t\t\t<div class=\"elementor-container elementor-column-gap-default\">\n\t\t\t\t\t<div class=\"elementor-column elementor-col-33 elementor-top-column elementor-element elementor-element-3907535\" data-id=\"3907535\" data-element_type=\"column\" data-e-type=\"column\">\n\t\t\t<div class=\"elementor-widget-wrap elementor-element-populated\">\n\t\t\t\t\t\t<div class=\"elementor-element elementor-element-36c82050 elementor-widget elementor-widget-heading\" data-id=\"36c82050\" data-element_type=\"widget\" data-e-type=\"widget\" data-widget_type=\"heading.default\">\n\t\t\t\t<div class=\"elementor-widget-container\">\n\t\t\t\t\t<h4 class=\"elementor-heading-title elementor-size-xl\">Folge mir<\/h4>\t\t\t\t<\/div>\n\t\t\t\t<\/div>\n\t\t\t\t\t<\/div>\n\t\t<\/div>\n\t\t\t\t<div class=\"elementor-column elementor-col-66 elementor-top-column elementor-element elementor-element-3d09c306\" data-id=\"3d09c306\" data-element_type=\"column\" data-e-type=\"column\">\n\t\t\t<div class=\"elementor-widget-wrap elementor-element-populated\">\n\t\t\t\t\t\t<div class=\"elementor-element elementor-element-4cbc5b1d e-grid-align-left elementor-shape-rounded elementor-grid-0 elementor-widget elementor-widget-social-icons\" data-id=\"4cbc5b1d\" data-element_type=\"widget\" data-e-type=\"widget\" data-settings=\"{&quot;_animation&quot;:&quot;none&quot;}\" data-widget_type=\"social-icons.default\">\n\t\t\t\t<div class=\"elementor-widget-container\">\n\t\t\t\t\t\t\t<div class=\"elementor-social-icons-wrapper elementor-grid\" role=\"list\">\n\t\t\t\t\t\t\t<span class=\"elementor-grid-item\" role=\"listitem\">\n\t\t\t\t\t<a class=\"elementor-icon elementor-social-icon elementor-social-icon-facebook elementor-repeater-item-599fed4\" href=\"https:\/\/www.facebook.com\/NataschasBuecher\" target=\"_blank\">\n\t\t\t\t\t\t<span class=\"elementor-screen-only\">Facebook<\/span>\n\t\t\t\t\t\t<i aria-hidden=\"true\" class=\"fab fa-facebook\"><\/i>\t\t\t\t\t<\/a>\n\t\t\t\t<\/span>\n\t\t\t\t\t\t\t<span class=\"elementor-grid-item\" role=\"listitem\">\n\t\t\t\t\t<a class=\"elementor-icon elementor-social-icon elementor-social-icon-twitter elementor-repeater-item-75cad56\" href=\"https:\/\/www.twitter.com\/NataschasChirp\" target=\"_blank\">\n\t\t\t\t\t\t<span class=\"elementor-screen-only\">Twitter<\/span>\n\t\t\t\t\t\t<i aria-hidden=\"true\" class=\"fab fa-twitter\"><\/i>\t\t\t\t\t<\/a>\n\t\t\t\t<\/span>\n\t\t\t\t\t\t\t<span class=\"elementor-grid-item\" role=\"listitem\">\n\t\t\t\t\t<a class=\"elementor-icon elementor-social-icon elementor-social-icon-instagram elementor-repeater-item-2821141\" href=\"https:\/\/www.instagram.com\/nataschab\" target=\"_blank\">\n\t\t\t\t\t\t<span class=\"elementor-screen-only\">Instagram<\/span>\n\t\t\t\t\t\t<i aria-hidden=\"true\" class=\"fab fa-instagram\"><\/i>\t\t\t\t\t<\/a>\n\t\t\t\t<\/span>\n\t\t\t\t\t\t\t<span class=\"elementor-grid-item\" role=\"listitem\">\n\t\t\t\t\t<a class=\"elementor-icon elementor-social-icon elementor-social-icon-youtube elementor-repeater-item-77ba020\" href=\"https:\/\/www.youtube.com\/channel\/UCCpLexswmRJWhC-eVhF25Lw\" target=\"_blank\">\n\t\t\t\t\t\t<span class=\"elementor-screen-only\">Youtube<\/span>\n\t\t\t\t\t\t<i aria-hidden=\"true\" class=\"fab fa-youtube\"><\/i>\t\t\t\t\t<\/a>\n\t\t\t\t<\/span>\n\t\t\t\t\t\t\t<span class=\"elementor-grid-item\" role=\"listitem\">\n\t\t\t\t\t<a class=\"elementor-icon elementor-social-icon elementor-social-icon-pinterest elementor-repeater-item-ee48fd1\" href=\"https:\/\/www.pinterest.ca\/nataschacanada\" target=\"_blank\">\n\t\t\t\t\t\t<span class=\"elementor-screen-only\">Pinterest<\/span>\n\t\t\t\t\t\t<i aria-hidden=\"true\" class=\"fab fa-pinterest\"><\/i>\t\t\t\t\t<\/a>\n\t\t\t\t<\/span>\n\t\t\t\t\t<\/div>\n\t\t\t\t\t\t<\/div>\n\t\t\t\t<\/div>\n\t\t\t\t\t<\/div>\n\t\t<\/div>\n\t\t\t\t\t<\/div>\n\t\t<\/section>\n\t\t\t\t<\/div>\n\t\t","protected":false},"excerpt":{"rendered":"<p>Die Schattenpferde der Rocky Mountains Nach dem Erhalt einer unheilvollen Nachricht, kehren die Geschwister Lee und Lyla auf die v\u00e4terliche Willow Ranch in Kanada zur\u00fcck. Ihr<span class=\"excerpt-hellip\"> [\u2026]<\/span><\/p>\n","protected":false},"featured_media":3534,"comment_status":"open","ping_status":"closed","template":"","meta":[],"product_brand":[],"product_cat":[6],"product_tag":[],"class_list":{"0":"post-3168","1":"product","2":"type-product","3":"status-publish","4":"has-post-thumbnail","6":"product_cat-willow-ranch","8":"first","9":"instock","10":"shipping-taxable","11":"product-type-external"},"yoast_head":"<!-- This site is optimized with the Yoast SEO plugin v27.4 - https:\/\/yoast.com\/product\/yoast-seo-wordpress\/ -->\n<title>Die Schattenpferde der Rocky Mountains - Natascha Birovljev<\/title>\n<meta name=\"robots\" content=\"index, follow, max-snippet:-1, max-image-preview:large, max-video-preview:-1\" \/>\n<link rel=\"canonical\" href=\"https:\/\/natascha-birovljev.com\/buch\/die-schattenpferde-der-rocky-mountains\/\" \/>\n<meta property=\"og:locale\" content=\"en_US\" \/>\n<meta property=\"og:type\" content=\"article\" \/>\n<meta property=\"og:title\" content=\"Die Schattenpferde der Rocky Mountains - Natascha Birovljev\" \/>\n<meta property=\"og:description\" content=\"Die Schattenpferde der Rocky Mountains Nach dem Erhalt einer unheilvollen Nachricht, kehren die Geschwister Lee und Lyla auf die v\u00e4terliche Willow Ranch in Kanada zur\u00fcck. Ihr [\u2026]\" \/>\n<meta property=\"og:url\" content=\"https:\/\/natascha-birovljev.com\/buch\/die-schattenpferde-der-rocky-mountains\/\" \/>\n<meta property=\"og:site_name\" content=\"Natascha Birovljev\" \/>\n<meta property=\"article:publisher\" content=\"https:\/\/www.facebook.com\/NataschasBuecher\" \/>\n<meta property=\"article:modified_time\" content=\"2024-06-19T07:54:13+00:00\" \/>\n<meta property=\"og:image\" content=\"https:\/\/natascha-birovljev.com\/wp-content\/uploads\/2022\/08\/Die-Schattenpferde-der-Rocky-Mountains.png\" \/>\n\t<meta property=\"og:image:width\" content=\"475\" \/>\n\t<meta property=\"og:image:height\" content=\"800\" \/>\n\t<meta property=\"og:image:type\" content=\"image\/png\" \/>\n<meta name=\"twitter:card\" content=\"summary_large_image\" \/>\n<meta name=\"twitter:site\" content=\"@NataschasChirp\" \/>\n<script type=\"application\/ld+json\" class=\"yoast-schema-graph\">{\"@context\":\"https:\\\/\\\/schema.org\",\"@graph\":[{\"@type\":\"WebPage\",\"@id\":\"https:\\\/\\\/natascha-birovljev.com\\\/buch\\\/die-schattenpferde-der-rocky-mountains\\\/\",\"url\":\"https:\\\/\\\/natascha-birovljev.com\\\/buch\\\/die-schattenpferde-der-rocky-mountains\\\/\",\"name\":\"Die Schattenpferde der Rocky Mountains - Natascha Birovljev\",\"isPartOf\":{\"@id\":\"https:\\\/\\\/natascha-birovljev.com\\\/#website\"},\"primaryImageOfPage\":{\"@id\":\"https:\\\/\\\/natascha-birovljev.com\\\/buch\\\/die-schattenpferde-der-rocky-mountains\\\/#primaryimage\"},\"image\":{\"@id\":\"https:\\\/\\\/natascha-birovljev.com\\\/buch\\\/die-schattenpferde-der-rocky-mountains\\\/#primaryimage\"},\"thumbnailUrl\":\"https:\\\/\\\/natascha-birovljev.com\\\/wp-content\\\/uploads\\\/2022\\\/08\\\/Die-Schattenpferde-der-Rocky-Mountains.png\",\"datePublished\":\"2022-08-07T07:24:20+00:00\",\"dateModified\":\"2024-06-19T07:54:13+00:00\",\"breadcrumb\":{\"@id\":\"https:\\\/\\\/natascha-birovljev.com\\\/buch\\\/die-schattenpferde-der-rocky-mountains\\\/#breadcrumb\"},\"inLanguage\":\"en-US\",\"potentialAction\":[{\"@type\":\"ReadAction\",\"target\":[\"https:\\\/\\\/natascha-birovljev.com\\\/buch\\\/die-schattenpferde-der-rocky-mountains\\\/\"]}]},{\"@type\":\"ImageObject\",\"inLanguage\":\"en-US\",\"@id\":\"https:\\\/\\\/natascha-birovljev.com\\\/buch\\\/die-schattenpferde-der-rocky-mountains\\\/#primaryimage\",\"url\":\"https:\\\/\\\/natascha-birovljev.com\\\/wp-content\\\/uploads\\\/2022\\\/08\\\/Die-Schattenpferde-der-Rocky-Mountains.png\",\"contentUrl\":\"https:\\\/\\\/natascha-birovljev.com\\\/wp-content\\\/uploads\\\/2022\\\/08\\\/Die-Schattenpferde-der-Rocky-Mountains.png\",\"width\":475,\"height\":800,\"caption\":\"Die Schattenpferde der Rocky Mountains\"},{\"@type\":\"BreadcrumbList\",\"@id\":\"https:\\\/\\\/natascha-birovljev.com\\\/buch\\\/die-schattenpferde-der-rocky-mountains\\\/#breadcrumb\",\"itemListElement\":[{\"@type\":\"ListItem\",\"position\":1,\"name\":\"Startseite\",\"item\":\"https:\\\/\\\/natascha-birovljev.com\\\/en\\\/\"},{\"@type\":\"ListItem\",\"position\":2,\"name\":\"Produkte\",\"item\":\"https:\\\/\\\/natascha-birovljev.com\\\/shop\\\/\"},{\"@type\":\"ListItem\",\"position\":3,\"name\":\"Die Schattenpferde der Rocky Mountains\"}]},{\"@type\":\"WebSite\",\"@id\":\"https:\\\/\\\/natascha-birovljev.com\\\/#website\",\"url\":\"https:\\\/\\\/natascha-birovljev.com\\\/\",\"name\":\"Natascha Birovljev\",\"description\":\"Autorin aus den kanadischen Rocky Mountains\",\"publisher\":{\"@id\":\"https:\\\/\\\/natascha-birovljev.com\\\/#\\\/schema\\\/person\\\/6d71fe3b35e52762438265d55a89389b\"},\"potentialAction\":[{\"@type\":\"SearchAction\",\"target\":{\"@type\":\"EntryPoint\",\"urlTemplate\":\"https:\\\/\\\/natascha-birovljev.com\\\/?s={search_term_string}\"},\"query-input\":{\"@type\":\"PropertyValueSpecification\",\"valueRequired\":true,\"valueName\":\"search_term_string\"}}],\"inLanguage\":\"en-US\"},{\"@type\":[\"Person\",\"Organization\"],\"@id\":\"https:\\\/\\\/natascha-birovljev.com\\\/#\\\/schema\\\/person\\\/6d71fe3b35e52762438265d55a89389b\",\"name\":\"Natascha\",\"image\":{\"@type\":\"ImageObject\",\"inLanguage\":\"en-US\",\"@id\":\"https:\\\/\\\/natascha-birovljev.com\\\/wp-content\\\/uploads\\\/2025\\\/11\\\/natascha-birovljev.png\",\"url\":\"https:\\\/\\\/natascha-birovljev.com\\\/wp-content\\\/uploads\\\/2025\\\/11\\\/natascha-birovljev.png\",\"contentUrl\":\"https:\\\/\\\/natascha-birovljev.com\\\/wp-content\\\/uploads\\\/2025\\\/11\\\/natascha-birovljev.png\",\"width\":696,\"height\":696,\"caption\":\"Natascha\"},\"logo\":{\"@id\":\"https:\\\/\\\/natascha-birovljev.com\\\/wp-content\\\/uploads\\\/2025\\\/11\\\/natascha-birovljev.png\"},\"description\":\"Natascha Birovljev wurde 1975 in B\u00f6blingen bei Stuttgart geboren. Nach ihrem Magisterabschluss in Religionswissenschaft und Germanistik an der Universit\u00e4t Hannover f\u00fchrte sie ihre Reiselust auf eine Ranch nach Kanada. Von der wilden Sch\u00f6nheit und Weite der Rocky Mountains verzaubert, wagte sie 2005 den Schritt, Deutschland zu verlassen, und ihr Gl\u00fcck in Kanada zu finden.\",\"sameAs\":[\"https:\\\/\\\/natascha-birovljev.com\",\"https:\\\/\\\/www.facebook.com\\\/NataschasBuecher\",\"https:\\\/\\\/www.instagram.com\\\/nataschab\",\"https:\\\/\\\/www.pinterest.ca\\\/nataschacanada\",\"https:\\\/\\\/www.youtube.com\\\/@nataschabirovljev3581\"]}]}<\/script>\n<!-- \/ Yoast SEO plugin. -->","yoast_head_json":{"title":"Die Schattenpferde der Rocky Mountains - Natascha Birovljev","robots":{"index":"index","follow":"follow","max-snippet":"max-snippet:-1","max-image-preview":"max-image-preview:large","max-video-preview":"max-video-preview:-1"},"canonical":"https:\/\/natascha-birovljev.com\/buch\/die-schattenpferde-der-rocky-mountains\/","og_locale":"en_US","og_type":"article","og_title":"Die Schattenpferde der Rocky Mountains - Natascha Birovljev","og_description":"Die Schattenpferde der Rocky Mountains Nach dem Erhalt einer unheilvollen Nachricht, kehren die Geschwister Lee und Lyla auf die v\u00e4terliche Willow Ranch in Kanada zur\u00fcck. Ihr [\u2026]","og_url":"https:\/\/natascha-birovljev.com\/buch\/die-schattenpferde-der-rocky-mountains\/","og_site_name":"Natascha Birovljev","article_publisher":"https:\/\/www.facebook.com\/NataschasBuecher","article_modified_time":"2024-06-19T07:54:13+00:00","og_image":[{"width":475,"height":800,"url":"https:\/\/natascha-birovljev.com\/wp-content\/uploads\/2022\/08\/Die-Schattenpferde-der-Rocky-Mountains.png","type":"image\/png"}],"twitter_card":"summary_large_image","twitter_site":"@NataschasChirp","schema":{"@context":"https:\/\/schema.org","@graph":[{"@type":"WebPage","@id":"https:\/\/natascha-birovljev.com\/buch\/die-schattenpferde-der-rocky-mountains\/","url":"https:\/\/natascha-birovljev.com\/buch\/die-schattenpferde-der-rocky-mountains\/","name":"Die Schattenpferde der Rocky Mountains - Natascha Birovljev","isPartOf":{"@id":"https:\/\/natascha-birovljev.com\/#website"},"primaryImageOfPage":{"@id":"https:\/\/natascha-birovljev.com\/buch\/die-schattenpferde-der-rocky-mountains\/#primaryimage"},"image":{"@id":"https:\/\/natascha-birovljev.com\/buch\/die-schattenpferde-der-rocky-mountains\/#primaryimage"},"thumbnailUrl":"https:\/\/natascha-birovljev.com\/wp-content\/uploads\/2022\/08\/Die-Schattenpferde-der-Rocky-Mountains.png","datePublished":"2022-08-07T07:24:20+00:00","dateModified":"2024-06-19T07:54:13+00:00","breadcrumb":{"@id":"https:\/\/natascha-birovljev.com\/buch\/die-schattenpferde-der-rocky-mountains\/#breadcrumb"},"inLanguage":"en-US","potentialAction":[{"@type":"ReadAction","target":["https:\/\/natascha-birovljev.com\/buch\/die-schattenpferde-der-rocky-mountains\/"]}]},{"@type":"ImageObject","inLanguage":"en-US","@id":"https:\/\/natascha-birovljev.com\/buch\/die-schattenpferde-der-rocky-mountains\/#primaryimage","url":"https:\/\/natascha-birovljev.com\/wp-content\/uploads\/2022\/08\/Die-Schattenpferde-der-Rocky-Mountains.png","contentUrl":"https:\/\/natascha-birovljev.com\/wp-content\/uploads\/2022\/08\/Die-Schattenpferde-der-Rocky-Mountains.png","width":475,"height":800,"caption":"Die Schattenpferde der Rocky Mountains"},{"@type":"BreadcrumbList","@id":"https:\/\/natascha-birovljev.com\/buch\/die-schattenpferde-der-rocky-mountains\/#breadcrumb","itemListElement":[{"@type":"ListItem","position":1,"name":"Startseite","item":"https:\/\/natascha-birovljev.com\/en\/"},{"@type":"ListItem","position":2,"name":"Produkte","item":"https:\/\/natascha-birovljev.com\/shop\/"},{"@type":"ListItem","position":3,"name":"Die Schattenpferde der Rocky Mountains"}]},{"@type":"WebSite","@id":"https:\/\/natascha-birovljev.com\/#website","url":"https:\/\/natascha-birovljev.com\/","name":"Natascha Birovljev","description":"Autorin aus den kanadischen Rocky Mountains","publisher":{"@id":"https:\/\/natascha-birovljev.com\/#\/schema\/person\/6d71fe3b35e52762438265d55a89389b"},"potentialAction":[{"@type":"SearchAction","target":{"@type":"EntryPoint","urlTemplate":"https:\/\/natascha-birovljev.com\/?s={search_term_string}"},"query-input":{"@type":"PropertyValueSpecification","valueRequired":true,"valueName":"search_term_string"}}],"inLanguage":"en-US"},{"@type":["Person","Organization"],"@id":"https:\/\/natascha-birovljev.com\/#\/schema\/person\/6d71fe3b35e52762438265d55a89389b","name":"Natascha","image":{"@type":"ImageObject","inLanguage":"en-US","@id":"https:\/\/natascha-birovljev.com\/wp-content\/uploads\/2025\/11\/natascha-birovljev.png","url":"https:\/\/natascha-birovljev.com\/wp-content\/uploads\/2025\/11\/natascha-birovljev.png","contentUrl":"https:\/\/natascha-birovljev.com\/wp-content\/uploads\/2025\/11\/natascha-birovljev.png","width":696,"height":696,"caption":"Natascha"},"logo":{"@id":"https:\/\/natascha-birovljev.com\/wp-content\/uploads\/2025\/11\/natascha-birovljev.png"},"description":"Natascha Birovljev wurde 1975 in B\u00f6blingen bei Stuttgart geboren. Nach ihrem Magisterabschluss in Religionswissenschaft und Germanistik an der Universit\u00e4t Hannover f\u00fchrte sie ihre Reiselust auf eine Ranch nach Kanada. Von der wilden Sch\u00f6nheit und Weite der Rocky Mountains verzaubert, wagte sie 2005 den Schritt, Deutschland zu verlassen, und ihr Gl\u00fcck in Kanada zu finden.","sameAs":["https:\/\/natascha-birovljev.com","https:\/\/www.facebook.com\/NataschasBuecher","https:\/\/www.instagram.com\/nataschab","https:\/\/www.pinterest.ca\/nataschacanada","https:\/\/www.youtube.com\/@nataschabirovljev3581"]}]}},"_links":{"self":[{"href":"https:\/\/natascha-birovljev.com\/en\/wp-json\/wp\/v2\/product\/3168","targetHints":{"allow":["GET"]}}],"collection":[{"href":"https:\/\/natascha-birovljev.com\/en\/wp-json\/wp\/v2\/product"}],"about":[{"href":"https:\/\/natascha-birovljev.com\/en\/wp-json\/wp\/v2\/types\/product"}],"replies":[{"embeddable":true,"href":"https:\/\/natascha-birovljev.com\/en\/wp-json\/wp\/v2\/comments?post=3168"}],"version-history":[{"count":4,"href":"https:\/\/natascha-birovljev.com\/en\/wp-json\/wp\/v2\/product\/3168\/revisions"}],"predecessor-version":[{"id":7036,"href":"https:\/\/natascha-birovljev.com\/en\/wp-json\/wp\/v2\/product\/3168\/revisions\/7036"}],"wp:featuredmedia":[{"embeddable":true,"href":"https:\/\/natascha-birovljev.com\/en\/wp-json\/wp\/v2\/media\/3534"}],"wp:attachment":[{"href":"https:\/\/natascha-birovljev.com\/en\/wp-json\/wp\/v2\/media?parent=3168"}],"wp:term":[{"taxonomy":"product_brand","embeddable":true,"href":"https:\/\/natascha-birovljev.com\/en\/wp-json\/wp\/v2\/product_brand?post=3168"},{"taxonomy":"product_cat","embeddable":true,"href":"https:\/\/natascha-birovljev.com\/en\/wp-json\/wp\/v2\/product_cat?post=3168"},{"taxonomy":"product_tag","embeddable":true,"href":"https:\/\/natascha-birovljev.com\/en\/wp-json\/wp\/v2\/product_tag?post=3168"}],"curies":[{"name":"wp","href":"https:\/\/api.w.org\/{rel}","templated":true}]}}