{"id":4890,"date":"2020-03-24T13:45:22","date_gmt":"2020-03-24T12:45:22","guid":{"rendered":"https:\/\/natascha-birovljev.com\/?page_id=4890"},"modified":"2026-01-07T07:39:39","modified_gmt":"2026-01-07T06:39:39","slug":"contact","status":"publish","type":"page","link":"https:\/\/natascha-birovljev.com\/en\/author-in-canada\/contact\/","title":{"rendered":"Contact us"},"content":{"rendered":"\t\t<div data-elementor-type=\"wp-page\" data-elementor-id=\"4890\" class=\"elementor elementor-4890 elementor-18\" data-elementor-post-type=\"page\">\n\t\t\t\t\t\t<section class=\"elementor-section elementor-top-section elementor-element elementor-element-2b570950 elementor-section-content-middle elementor-section-boxed elementor-section-height-default elementor-section-height-default\" data-id=\"2b570950\" data-element_type=\"section\" data-e-type=\"section\">\n\t\t\t\t\t\t<div class=\"elementor-container elementor-column-gap-no\">\n\t\t\t\t\t<div class=\"elementor-column elementor-col-100 elementor-top-column elementor-element elementor-element-648b8429\" data-id=\"648b8429\" data-element_type=\"column\" data-e-type=\"column\">\n\t\t\t<div class=\"elementor-widget-wrap elementor-element-populated\">\n\t\t\t\t\t\t<div class=\"elementor-element elementor-element-16d44c7e elementor-widget elementor-widget-heading\" data-id=\"16d44c7e\" data-element_type=\"widget\" data-e-type=\"widget\" data-widget_type=\"heading.default\">\n\t\t\t\t<div class=\"elementor-widget-container\">\n\t\t\t\t\t<h2 class=\"elementor-heading-title elementor-size-default\">Contact us<\/h2>\t\t\t\t<\/div>\n\t\t\t\t<\/div>\n\t\t\t\t<div class=\"elementor-element elementor-element-abb3482 elementor-widget elementor-widget-heading\" data-id=\"abb3482\" data-element_type=\"widget\" data-e-type=\"widget\" data-widget_type=\"heading.default\">\n\t\t\t\t<div class=\"elementor-widget-container\">\n\t\t\t\t\t<h3 class=\"elementor-heading-title elementor-size-default\">Do I have more plans? Sure!<\/h3>\t\t\t\t<\/div>\n\t\t\t\t<\/div>\n\t\t\t\t<div class=\"elementor-element elementor-element-f2fd5b3 elementor-widget elementor-widget-text-editor\" data-id=\"f2fd5b3\" data-element_type=\"widget\" data-e-type=\"widget\" data-widget_type=\"text-editor.default\">\n\t\t\t\t<div class=\"elementor-widget-container\">\n\t\t\t\t\t\t\t\t\t<p>I will be happy to answer any burning questions you may have about my book or future projects. You are also welcome to visit me at my workplace or send me an e-mail using the contact form below.<\/p><p><strong>I am ready to write to you!<\/strong><\/p>\t\t\t\t\t\t\t\t<\/div>\n\t\t\t\t<\/div>\n\t\t\t\t<section class=\"elementor-section elementor-inner-section elementor-element elementor-element-4997eae9 elementor-section-content-top elementor-section-boxed elementor-section-height-default elementor-section-height-default\" data-id=\"4997eae9\" data-element_type=\"section\" data-e-type=\"section\">\n\t\t\t\t\t\t<div class=\"elementor-container elementor-column-gap-no\">\n\t\t\t\t\t<div class=\"elementor-column elementor-col-50 elementor-inner-column elementor-element elementor-element-5b545548\" data-id=\"5b545548\" data-element_type=\"column\" data-e-type=\"column\">\n\t\t\t<div class=\"elementor-widget-wrap elementor-element-populated\">\n\t\t\t\t\t\t<div class=\"elementor-element elementor-element-b28d9ba elementor-widget elementor-widget-image\" data-id=\"b28d9ba\" data-element_type=\"widget\" data-e-type=\"widget\" data-widget_type=\"image.default\">\n\t\t\t\t<div class=\"elementor-widget-container\">\n\t\t\t\t\t\t\t\t\t\t\t\t\t\t\t<img decoding=\"async\" src=\"https:\/\/natascha-birovljev.com\/wp-content\/uploads\/elementor\/thumbs\/sublogo-berge-ptl5non8zn2xhg3efaylwh4903v4spqv3gfxw9kjxo.png\" title=\"sublogo-berge\" alt=\"sublogo-berge\" loading=\"lazy\" \/>\t\t\t\t\t\t\t\t\t\t\t\t\t\t\t<\/div>\n\t\t\t\t<\/div>\n\t\t\t\t<div class=\"elementor-element elementor-element-3c99c9a elementor-widget elementor-widget-text-editor\" data-id=\"3c99c9a\" data-element_type=\"widget\" data-e-type=\"widget\" data-widget_type=\"text-editor.default\">\n\t\t\t\t<div class=\"elementor-widget-container\">\n\t\t\t\t\t\t\t\t\t<p>Natascha Birovljev<br>PO Box 934<br>Caroline, Alberta<br>T0M 0M0<br>Canada<\/p>\t\t\t\t\t\t\t\t<\/div>\n\t\t\t\t<\/div>\n\t\t\t\t\t<\/div>\n\t\t<\/div>\n\t\t\t\t<div class=\"elementor-column elementor-col-50 elementor-inner-column elementor-element elementor-element-223142ca\" data-id=\"223142ca\" data-element_type=\"column\" data-e-type=\"column\">\n\t\t\t<div class=\"elementor-widget-wrap elementor-element-populated\">\n\t\t\t\t\t\t<div class=\"elementor-element elementor-element-9649157 elementor-widget elementor-widget-heading\" data-id=\"9649157\" data-element_type=\"widget\" data-e-type=\"widget\" data-widget_type=\"heading.default\">\n\t\t\t\t<div class=\"elementor-widget-container\">\n\t\t\t\t\t<h3 class=\"elementor-heading-title elementor-size-default\">If you need help\nor have any questions, please write to me at\n.<\/h3>\t\t\t\t<\/div>\n\t\t\t\t<\/div>\n\t\t\t\t<div class=\"elementor-element elementor-element-d28bb31 elementor-widget elementor-widget-text-editor\" data-id=\"d28bb31\" data-element_type=\"widget\" data-e-type=\"widget\" data-widget_type=\"text-editor.default\">\n\t\t\t\t<div class=\"elementor-widget-container\">\n\t\t\t\t\t\t\t\t\t\n<div class=\"wpcf7 no-js\" id=\"wpcf7-f88-o1\" lang=\"en-US\" dir=\"ltr\" data-wpcf7-id=\"88\">\n<div class=\"screen-reader-response\"><p role=\"status\" aria-live=\"polite\" aria-atomic=\"true\"><\/p> <ul><\/ul><\/div>\n<form action=\"\/en\/wp-json\/wp\/v2\/pages\/4890#wpcf7-f88-o1\" method=\"post\" class=\"wpcf7-form init\" aria-label=\"Contact form\" novalidate=\"novalidate\" data-status=\"init\">\n<fieldset class=\"hidden-fields-container\"><input type=\"hidden\" name=\"_wpcf7\" value=\"88\" \/><input type=\"hidden\" name=\"_wpcf7_version\" value=\"6.1.5\" \/><input type=\"hidden\" name=\"_wpcf7_locale\" value=\"en_US\" \/><input type=\"hidden\" name=\"_wpcf7_unit_tag\" value=\"wpcf7-f88-o1\" \/><input type=\"hidden\" name=\"_wpcf7_container_post\" value=\"0\" \/><input type=\"hidden\" name=\"_wpcf7_posted_data_hash\" value=\"\" \/>\n<\/fieldset>\n<div class=\"column one\">\n\t<p><label><span class=\"wpcf7-form-control-wrap\" data-name=\"your-name\"><input size=\"40\" maxlength=\"400\" class=\"wpcf7-form-control wpcf7-text wpcf7-validates-as-required\" aria-required=\"true\" aria-invalid=\"false\" placeholder=\"Name\" value=\"\" type=\"text\" name=\"your-name\" \/><\/span> <\/label>\n\t<\/p>\n<\/div>\n<div class=\"column one-second\">\n\t<p><label style=\"margin-right:10px\"><span class=\"wpcf7-form-control-wrap\" data-name=\"your-email\"><input size=\"40\" maxlength=\"400\" class=\"wpcf7-form-control wpcf7-email wpcf7-validates-as-required wpcf7-text wpcf7-validates-as-email\" aria-required=\"true\" aria-invalid=\"false\" placeholder=\"E-Mail\" value=\"\" type=\"email\" name=\"your-email\" \/><\/span><\/label>\n\t<\/p>\n<\/div>\n<div class=\"column one-second\">\n\t<p><label><span class=\"wpcf7-form-control-wrap\" data-name=\"your-subject\"><input size=\"40\" maxlength=\"400\" class=\"wpcf7-form-control wpcf7-text\" aria-invalid=\"false\" placeholder=\"Betreff\" value=\"\" type=\"text\" name=\"your-subject\" \/><\/span><\/label>\n\t<\/p>\n<\/div>\n<div class=\"column one\">\n\t<p><label><span class=\"wpcf7-form-control-wrap\" data-name=\"your-message\"><textarea cols=\"40\" rows=\"10\" maxlength=\"2000\" class=\"wpcf7-form-control wpcf7-textarea\" aria-invalid=\"false\" placeholder=\"Deine Nachricht an mich\" name=\"your-message\"><\/textarea><\/span> <\/label>\n\t<\/p>\n<\/div>\n<p><span class=\"wpcf7-form-control-wrap\" data-name=\"acceptance-531\"><span class=\"wpcf7-form-control wpcf7-acceptance\"><span class=\"wpcf7-list-item\"><label><input type=\"checkbox\" name=\"acceptance-531\" value=\"1\" aria-invalid=\"false\" \/><span class=\"wpcf7-list-item-label\">Ich best\u00e4tige hiermit, die Datenschutzerkl\u00e4rung gelesen und verstanden zu haben und erkl\u00e4re mich damit einverstanden.<\/span><\/label><\/span><\/span><\/span>\n<\/p>\n<div class=\"column one\">\n\t<p><input class=\"wpcf7-form-control wpcf7-submit has-spinner button_full_width\" type=\"submit\" value=\"Absenden\" \/>\n\t<\/p>\n<\/div><div class=\"wpcf7-response-output\" aria-hidden=\"true\"><\/div>\n<\/form>\n<\/div>\n\t\t\t\t\t\t\t\t<\/div>\n\t\t\t\t<\/div>\n\t\t\t\t\t<\/div>\n\t\t<\/div>\n\t\t\t\t\t<\/div>\n\t\t<\/section>\n\t\t\t\t\t<\/div>\n\t\t<\/div>\n\t\t\t\t\t<\/div>\n\t\t<\/section>\n\t\t\t\t<section class=\"elementor-section elementor-top-section elementor-element elementor-element-495222a elementor-section-height-min-height elementor-section-boxed elementor-section-height-default elementor-section-items-middle\" data-id=\"495222a\" data-element_type=\"section\" data-e-type=\"section\" data-settings=\"{&quot;background_background&quot;:&quot;classic&quot;}\">\n\t\t\t\t\t\t<div class=\"elementor-container elementor-column-gap-default\">\n\t\t\t\t\t<div class=\"elementor-column elementor-col-33 elementor-top-column elementor-element elementor-element-6c5d610\" data-id=\"6c5d610\" data-element_type=\"column\" data-e-type=\"column\">\n\t\t\t<div class=\"elementor-widget-wrap elementor-element-populated\">\n\t\t\t\t\t\t<div class=\"elementor-element elementor-element-5c6b5357 elementor-widget elementor-widget-heading\" data-id=\"5c6b5357\" data-element_type=\"widget\" data-e-type=\"widget\" data-widget_type=\"heading.default\">\n\t\t\t\t<div class=\"elementor-widget-container\">\n\t\t\t\t\t<h4 class=\"elementor-heading-title elementor-size-xl\">Follow me<\/h4>\t\t\t\t<\/div>\n\t\t\t\t<\/div>\n\t\t\t\t\t<\/div>\n\t\t<\/div>\n\t\t\t\t<div class=\"elementor-column elementor-col-66 elementor-top-column elementor-element elementor-element-15940c70\" data-id=\"15940c70\" data-element_type=\"column\" data-e-type=\"column\">\n\t\t\t<div class=\"elementor-widget-wrap elementor-element-populated\">\n\t\t\t\t\t\t<div class=\"elementor-element elementor-element-671409e5 e-grid-align-left elementor-shape-rounded elementor-grid-0 elementor-widget elementor-widget-social-icons\" data-id=\"671409e5\" data-element_type=\"widget\" data-e-type=\"widget\" data-settings=\"{&quot;_animation&quot;:&quot;none&quot;}\" data-widget_type=\"social-icons.default\">\n\t\t\t\t<div class=\"elementor-widget-container\">\n\t\t\t\t\t\t\t<div class=\"elementor-social-icons-wrapper elementor-grid\" role=\"list\">\n\t\t\t\t\t\t\t<span class=\"elementor-grid-item\" role=\"listitem\">\n\t\t\t\t\t<a class=\"elementor-icon elementor-social-icon elementor-social-icon-facebook elementor-repeater-item-599fed4\" href=\"https:\/\/www.facebook.com\/p\/Natascha-Birovljev-Author-of-the-Rocky-Mountains-61573794331748\/\" target=\"_blank\">\n\t\t\t\t\t\t<span class=\"elementor-screen-only\">Facebook<\/span>\n\t\t\t\t\t\t<i aria-hidden=\"true\" class=\"fab fa-facebook\"><\/i>\t\t\t\t\t<\/a>\n\t\t\t\t<\/span>\n\t\t\t\t\t\t\t<span class=\"elementor-grid-item\" role=\"listitem\">\n\t\t\t\t\t<a class=\"elementor-icon elementor-social-icon elementor-social-icon-instagram elementor-repeater-item-2821141\" href=\"https:\/\/instagram.com\/nataschabirovljev_author\" target=\"_blank\">\n\t\t\t\t\t\t<span class=\"elementor-screen-only\">Instagram<\/span>\n\t\t\t\t\t\t<i aria-hidden=\"true\" class=\"fab fa-instagram\"><\/i>\t\t\t\t\t<\/a>\n\t\t\t\t<\/span>\n\t\t\t\t\t\t\t<span class=\"elementor-grid-item\" role=\"listitem\">\n\t\t\t\t\t<a class=\"elementor-icon elementor-social-icon elementor-social-icon-youtube elementor-repeater-item-77ba020\" href=\"https:\/\/www.youtube.com\/channel\/UCCpLexswmRJWhC-eVhF25Lw\" target=\"_blank\">\n\t\t\t\t\t\t<span class=\"elementor-screen-only\">Youtube<\/span>\n\t\t\t\t\t\t<i aria-hidden=\"true\" class=\"fab fa-youtube\"><\/i>\t\t\t\t\t<\/a>\n\t\t\t\t<\/span>\n\t\t\t\t\t\t\t<span class=\"elementor-grid-item\" role=\"listitem\">\n\t\t\t\t\t<a class=\"elementor-icon elementor-social-icon elementor-social-icon-pinterest elementor-repeater-item-ee48fd1\" href=\"https:\/\/www.pinterest.ca\/nataschacanada\" target=\"_blank\">\n\t\t\t\t\t\t<span class=\"elementor-screen-only\">Pinterest<\/span>\n\t\t\t\t\t\t<i aria-hidden=\"true\" class=\"fab fa-pinterest\"><\/i>\t\t\t\t\t<\/a>\n\t\t\t\t<\/span>\n\t\t\t\t\t<\/div>\n\t\t\t\t\t\t<\/div>\n\t\t\t\t<\/div>\n\t\t\t\t\t<\/div>\n\t\t<\/div>\n\t\t\t\t\t<\/div>\n\t\t<\/section>\n\t\t\t\t<\/div>\n\t\t","protected":false},"excerpt":{"rendered":"<p>Contact us Do I have more plans? Sure! I will be happy to answer any burning questions you may have about my book or future projects.<span class=\"excerpt-hellip\"> [\u2026]<\/span><\/p>\n","protected":false},"author":3,"featured_media":3019,"parent":4888,"menu_order":0,"comment_status":"closed","ping_status":"closed","template":"","meta":{"footnotes":""},"class_list":["post-4890","page","type-page","status-publish","has-post-thumbnail","hentry"],"yoast_head":"<!-- This site is optimized with the Yoast SEO plugin v27.3 - https:\/\/yoast.com\/product\/yoast-seo-wordpress\/ -->\n<title>Contact us to Natascha Birovljev - Author from Canada<\/title>\n<meta name=\"description\" content=\"Contact me? I will be happy to answer any burning questions you may have about my books or future projects.\" \/>\n<meta name=\"robots\" content=\"index, follow, max-snippet:-1, max-image-preview:large, max-video-preview:-1\" \/>\n<link rel=\"canonical\" href=\"https:\/\/natascha-birovljev.com\/en\/author-in-canada\/contact\/\" \/>\n<meta property=\"og:locale\" content=\"en_US\" \/>\n<meta property=\"og:type\" content=\"article\" \/>\n<meta property=\"og:title\" content=\"Contact us to Natascha Birovljev - Author from Canada\" \/>\n<meta property=\"og:description\" content=\"Contact me? I will be happy to answer any burning questions you may have about my books or future projects.\" \/>\n<meta property=\"og:url\" content=\"https:\/\/natascha-birovljev.com\/en\/author-in-canada\/contact\/\" \/>\n<meta property=\"og:site_name\" content=\"Natascha Birovljev\" \/>\n<meta property=\"article:publisher\" content=\"https:\/\/www.facebook.com\/NataschasBuecher\" \/>\n<meta property=\"article:modified_time\" content=\"2026-01-07T06:39:39+00:00\" \/>\n<meta property=\"og:image\" content=\"https:\/\/natascha-birovljev.com\/wp-content\/uploads\/2022\/08\/logo-natascha-birovljev.png\" \/>\n\t<meta property=\"og:image:width\" content=\"1238\" \/>\n\t<meta property=\"og:image:height\" content=\"523\" \/>\n\t<meta property=\"og:image:type\" content=\"image\/png\" \/>\n<meta name=\"twitter:card\" content=\"summary_large_image\" \/>\n<meta name=\"twitter:site\" content=\"@NataschasChirp\" \/>\n<meta name=\"twitter:label1\" content=\"Est. reading time\" \/>\n\t<meta name=\"twitter:data1\" content=\"1 minute\" \/>\n<script type=\"application\/ld+json\" class=\"yoast-schema-graph\">{\"@context\":\"https:\\\/\\\/schema.org\",\"@graph\":[{\"@type\":\"WebPage\",\"@id\":\"https:\\\/\\\/natascha-birovljev.com\\\/en\\\/author-in-canada\\\/contact\\\/\",\"url\":\"https:\\\/\\\/natascha-birovljev.com\\\/en\\\/author-in-canada\\\/contact\\\/\",\"name\":\"Contact us to Natascha Birovljev - Author from Canada\",\"isPartOf\":{\"@id\":\"https:\\\/\\\/natascha-birovljev.com\\\/#website\"},\"primaryImageOfPage\":{\"@id\":\"https:\\\/\\\/natascha-birovljev.com\\\/en\\\/author-in-canada\\\/contact\\\/#primaryimage\"},\"image\":{\"@id\":\"https:\\\/\\\/natascha-birovljev.com\\\/en\\\/author-in-canada\\\/contact\\\/#primaryimage\"},\"thumbnailUrl\":\"https:\\\/\\\/natascha-birovljev.com\\\/wp-content\\\/uploads\\\/2022\\\/08\\\/logo-natascha-birovljev.png\",\"datePublished\":\"2020-03-24T12:45:22+00:00\",\"dateModified\":\"2026-01-07T06:39:39+00:00\",\"description\":\"Contact me? I will be happy to answer any burning questions you may have about my books or future projects.\",\"breadcrumb\":{\"@id\":\"https:\\\/\\\/natascha-birovljev.com\\\/en\\\/author-in-canada\\\/contact\\\/#breadcrumb\"},\"inLanguage\":\"en-US\",\"potentialAction\":[{\"@type\":\"ReadAction\",\"target\":[\"https:\\\/\\\/natascha-birovljev.com\\\/en\\\/author-in-canada\\\/contact\\\/\"]}]},{\"@type\":\"ImageObject\",\"inLanguage\":\"en-US\",\"@id\":\"https:\\\/\\\/natascha-birovljev.com\\\/en\\\/author-in-canada\\\/contact\\\/#primaryimage\",\"url\":\"https:\\\/\\\/natascha-birovljev.com\\\/wp-content\\\/uploads\\\/2022\\\/08\\\/logo-natascha-birovljev.png\",\"contentUrl\":\"https:\\\/\\\/natascha-birovljev.com\\\/wp-content\\\/uploads\\\/2022\\\/08\\\/logo-natascha-birovljev.png\",\"width\":1238,\"height\":523,\"caption\":\"Natascha Birovljev - Romane aus Kanada\"},{\"@type\":\"BreadcrumbList\",\"@id\":\"https:\\\/\\\/natascha-birovljev.com\\\/en\\\/author-in-canada\\\/contact\\\/#breadcrumb\",\"itemListElement\":[{\"@type\":\"ListItem\",\"position\":1,\"name\":\"Startseite\",\"item\":\"https:\\\/\\\/natascha-birovljev.com\\\/en\\\/\"},{\"@type\":\"ListItem\",\"position\":2,\"name\":\"Author\",\"item\":\"https:\\\/\\\/natascha-birovljev.com\\\/en\\\/author-in-canada\\\/\"},{\"@type\":\"ListItem\",\"position\":3,\"name\":\"Contact us\"}]},{\"@type\":\"WebSite\",\"@id\":\"https:\\\/\\\/natascha-birovljev.com\\\/#website\",\"url\":\"https:\\\/\\\/natascha-birovljev.com\\\/\",\"name\":\"Natascha Birovljev\",\"description\":\"Autorin aus den kanadischen Rocky Mountains\",\"publisher\":{\"@id\":\"https:\\\/\\\/natascha-birovljev.com\\\/#\\\/schema\\\/person\\\/6d71fe3b35e52762438265d55a89389b\"},\"potentialAction\":[{\"@type\":\"SearchAction\",\"target\":{\"@type\":\"EntryPoint\",\"urlTemplate\":\"https:\\\/\\\/natascha-birovljev.com\\\/?s={search_term_string}\"},\"query-input\":{\"@type\":\"PropertyValueSpecification\",\"valueRequired\":true,\"valueName\":\"search_term_string\"}}],\"inLanguage\":\"en-US\"},{\"@type\":[\"Person\",\"Organization\"],\"@id\":\"https:\\\/\\\/natascha-birovljev.com\\\/#\\\/schema\\\/person\\\/6d71fe3b35e52762438265d55a89389b\",\"name\":\"Natascha\",\"image\":{\"@type\":\"ImageObject\",\"inLanguage\":\"en-US\",\"@id\":\"https:\\\/\\\/natascha-birovljev.com\\\/wp-content\\\/uploads\\\/2025\\\/11\\\/natascha-birovljev.png\",\"url\":\"https:\\\/\\\/natascha-birovljev.com\\\/wp-content\\\/uploads\\\/2025\\\/11\\\/natascha-birovljev.png\",\"contentUrl\":\"https:\\\/\\\/natascha-birovljev.com\\\/wp-content\\\/uploads\\\/2025\\\/11\\\/natascha-birovljev.png\",\"width\":696,\"height\":696,\"caption\":\"Natascha\"},\"logo\":{\"@id\":\"https:\\\/\\\/natascha-birovljev.com\\\/wp-content\\\/uploads\\\/2025\\\/11\\\/natascha-birovljev.png\"},\"description\":\"Natascha Birovljev wurde 1975 in B\u00f6blingen bei Stuttgart geboren. Nach ihrem Magisterabschluss in Religionswissenschaft und Germanistik an der Universit\u00e4t Hannover f\u00fchrte sie ihre Reiselust auf eine Ranch nach Kanada. Von der wilden Sch\u00f6nheit und Weite der Rocky Mountains verzaubert, wagte sie 2005 den Schritt, Deutschland zu verlassen, und ihr Gl\u00fcck in Kanada zu finden.\",\"sameAs\":[\"https:\\\/\\\/natascha-birovljev.com\",\"https:\\\/\\\/www.facebook.com\\\/NataschasBuecher\",\"https:\\\/\\\/www.instagram.com\\\/nataschab\",\"https:\\\/\\\/www.pinterest.ca\\\/nataschacanada\",\"https:\\\/\\\/www.youtube.com\\\/@nataschabirovljev3581\"]}]}<\/script>\n<!-- \/ Yoast SEO plugin. -->","yoast_head_json":{"title":"Contact us to Natascha Birovljev - Author from Canada","description":"Contact me? I will be happy to answer any burning questions you may have about my books or future projects.","robots":{"index":"index","follow":"follow","max-snippet":"max-snippet:-1","max-image-preview":"max-image-preview:large","max-video-preview":"max-video-preview:-1"},"canonical":"https:\/\/natascha-birovljev.com\/en\/author-in-canada\/contact\/","og_locale":"en_US","og_type":"article","og_title":"Contact us to Natascha Birovljev - Author from Canada","og_description":"Contact me? I will be happy to answer any burning questions you may have about my books or future projects.","og_url":"https:\/\/natascha-birovljev.com\/en\/author-in-canada\/contact\/","og_site_name":"Natascha Birovljev","article_publisher":"https:\/\/www.facebook.com\/NataschasBuecher","article_modified_time":"2026-01-07T06:39:39+00:00","og_image":[{"width":1238,"height":523,"url":"https:\/\/natascha-birovljev.com\/wp-content\/uploads\/2022\/08\/logo-natascha-birovljev.png","type":"image\/png"}],"twitter_card":"summary_large_image","twitter_site":"@NataschasChirp","twitter_misc":{"Est. reading time":"1 minute"},"schema":{"@context":"https:\/\/schema.org","@graph":[{"@type":"WebPage","@id":"https:\/\/natascha-birovljev.com\/en\/author-in-canada\/contact\/","url":"https:\/\/natascha-birovljev.com\/en\/author-in-canada\/contact\/","name":"Contact us to Natascha Birovljev - Author from Canada","isPartOf":{"@id":"https:\/\/natascha-birovljev.com\/#website"},"primaryImageOfPage":{"@id":"https:\/\/natascha-birovljev.com\/en\/author-in-canada\/contact\/#primaryimage"},"image":{"@id":"https:\/\/natascha-birovljev.com\/en\/author-in-canada\/contact\/#primaryimage"},"thumbnailUrl":"https:\/\/natascha-birovljev.com\/wp-content\/uploads\/2022\/08\/logo-natascha-birovljev.png","datePublished":"2020-03-24T12:45:22+00:00","dateModified":"2026-01-07T06:39:39+00:00","description":"Contact me? I will be happy to answer any burning questions you may have about my books or future projects.","breadcrumb":{"@id":"https:\/\/natascha-birovljev.com\/en\/author-in-canada\/contact\/#breadcrumb"},"inLanguage":"en-US","potentialAction":[{"@type":"ReadAction","target":["https:\/\/natascha-birovljev.com\/en\/author-in-canada\/contact\/"]}]},{"@type":"ImageObject","inLanguage":"en-US","@id":"https:\/\/natascha-birovljev.com\/en\/author-in-canada\/contact\/#primaryimage","url":"https:\/\/natascha-birovljev.com\/wp-content\/uploads\/2022\/08\/logo-natascha-birovljev.png","contentUrl":"https:\/\/natascha-birovljev.com\/wp-content\/uploads\/2022\/08\/logo-natascha-birovljev.png","width":1238,"height":523,"caption":"Natascha Birovljev - Romane aus Kanada"},{"@type":"BreadcrumbList","@id":"https:\/\/natascha-birovljev.com\/en\/author-in-canada\/contact\/#breadcrumb","itemListElement":[{"@type":"ListItem","position":1,"name":"Startseite","item":"https:\/\/natascha-birovljev.com\/en\/"},{"@type":"ListItem","position":2,"name":"Author","item":"https:\/\/natascha-birovljev.com\/en\/author-in-canada\/"},{"@type":"ListItem","position":3,"name":"Contact us"}]},{"@type":"WebSite","@id":"https:\/\/natascha-birovljev.com\/#website","url":"https:\/\/natascha-birovljev.com\/","name":"Natascha Birovljev","description":"Autorin aus den kanadischen Rocky Mountains","publisher":{"@id":"https:\/\/natascha-birovljev.com\/#\/schema\/person\/6d71fe3b35e52762438265d55a89389b"},"potentialAction":[{"@type":"SearchAction","target":{"@type":"EntryPoint","urlTemplate":"https:\/\/natascha-birovljev.com\/?s={search_term_string}"},"query-input":{"@type":"PropertyValueSpecification","valueRequired":true,"valueName":"search_term_string"}}],"inLanguage":"en-US"},{"@type":["Person","Organization"],"@id":"https:\/\/natascha-birovljev.com\/#\/schema\/person\/6d71fe3b35e52762438265d55a89389b","name":"Natascha","image":{"@type":"ImageObject","inLanguage":"en-US","@id":"https:\/\/natascha-birovljev.com\/wp-content\/uploads\/2025\/11\/natascha-birovljev.png","url":"https:\/\/natascha-birovljev.com\/wp-content\/uploads\/2025\/11\/natascha-birovljev.png","contentUrl":"https:\/\/natascha-birovljev.com\/wp-content\/uploads\/2025\/11\/natascha-birovljev.png","width":696,"height":696,"caption":"Natascha"},"logo":{"@id":"https:\/\/natascha-birovljev.com\/wp-content\/uploads\/2025\/11\/natascha-birovljev.png"},"description":"Natascha Birovljev wurde 1975 in B\u00f6blingen bei Stuttgart geboren. Nach ihrem Magisterabschluss in Religionswissenschaft und Germanistik an der Universit\u00e4t Hannover f\u00fchrte sie ihre Reiselust auf eine Ranch nach Kanada. Von der wilden Sch\u00f6nheit und Weite der Rocky Mountains verzaubert, wagte sie 2005 den Schritt, Deutschland zu verlassen, und ihr Gl\u00fcck in Kanada zu finden.","sameAs":["https:\/\/natascha-birovljev.com","https:\/\/www.facebook.com\/NataschasBuecher","https:\/\/www.instagram.com\/nataschab","https:\/\/www.pinterest.ca\/nataschacanada","https:\/\/www.youtube.com\/@nataschabirovljev3581"]}]}},"_links":{"self":[{"href":"https:\/\/natascha-birovljev.com\/en\/wp-json\/wp\/v2\/pages\/4890","targetHints":{"allow":["GET"]}}],"collection":[{"href":"https:\/\/natascha-birovljev.com\/en\/wp-json\/wp\/v2\/pages"}],"about":[{"href":"https:\/\/natascha-birovljev.com\/en\/wp-json\/wp\/v2\/types\/page"}],"author":[{"embeddable":true,"href":"https:\/\/natascha-birovljev.com\/en\/wp-json\/wp\/v2\/users\/3"}],"replies":[{"embeddable":true,"href":"https:\/\/natascha-birovljev.com\/en\/wp-json\/wp\/v2\/comments?post=4890"}],"version-history":[{"count":4,"href":"https:\/\/natascha-birovljev.com\/en\/wp-json\/wp\/v2\/pages\/4890\/revisions"}],"predecessor-version":[{"id":8143,"href":"https:\/\/natascha-birovljev.com\/en\/wp-json\/wp\/v2\/pages\/4890\/revisions\/8143"}],"up":[{"embeddable":true,"href":"https:\/\/natascha-birovljev.com\/en\/wp-json\/wp\/v2\/pages\/4888"}],"wp:featuredmedia":[{"embeddable":true,"href":"https:\/\/natascha-birovljev.com\/en\/wp-json\/wp\/v2\/media\/3019"}],"wp:attachment":[{"href":"https:\/\/natascha-birovljev.com\/en\/wp-json\/wp\/v2\/media?parent=4890"}],"curies":[{"name":"wp","href":"https:\/\/api.w.org\/{rel}","templated":true}]}}